{"id":254,"date":"2017-06-02T18:40:27","date_gmt":"2017-06-02T16:40:27","guid":{"rendered":"https:\/\/gite-des-histoires.fr\/willkommen\/"},"modified":"2017-06-09T15:31:21","modified_gmt":"2017-06-09T13:31:21","slug":"willkommen","status":"publish","type":"page","link":"https:\/\/gite-des-histoires.fr\/de\/","title":{"rendered":"Willkommen"},"content":{"rendered":"","protected":false},"excerpt":{"rendered":"","protected":false},"author":1,"featured_media":232,"parent":0,"menu_order":0,"comment_status":"closed","ping_status":"open","template":"page.php","meta":{"_monsterinsights_skip_tracking":false,"_monsterinsights_sitenote_active":false,"_monsterinsights_sitenote_note":"","_monsterinsights_sitenote_category":0,"footnotes":""},"class_list":["post-254","page","type-page","status-publish","has-post-thumbnail","hentry"],"yoast_head":"<!-- This site is optimized with the Yoast SEO plugin v27.3 - https:\/\/yoast.com\/product\/yoast-seo-wordpress\/ -->\n<title>Le G\u00eete des Histoires, in der Mitte des Kientzheim typischen Dorf im Elsass<\/title>\n<meta name=\"description\" content=\"Le G\u00eete des Histoires ist im Herzen des Dorfes von Kientzheim. Die els\u00e4ssische Haus entlang eines Baches und bietet einen Blick auf den Weinberg .\" \/>\n<meta name=\"robots\" content=\"index, follow, max-snippet:-1, max-image-preview:large, max-video-preview:-1\" \/>\n<link rel=\"canonical\" href=\"https:\/\/gite-des-histoires.fr\/de\/\" \/>\n<meta property=\"og:locale\" content=\"de_DE\" \/>\n<meta property=\"og:type\" content=\"article\" \/>\n<meta property=\"og:title\" content=\"Le G\u00eete des Histoires, in der Mitte des Kientzheim typischen Dorf im Elsass\" \/>\n<meta property=\"og:description\" content=\"Le G\u00eete des Histoires ist im Herzen des Dorfes von Kientzheim. Die els\u00e4ssische Haus entlang eines Baches und bietet einen Blick auf den Weinberg .\" \/>\n<meta property=\"og:url\" content=\"https:\/\/gite-des-histoires.fr\/de\/\" \/>\n<meta property=\"og:site_name\" content=\"Le G\u00eete des Histoires \u00e0 Kientzheim\" \/>\n<meta property=\"article:publisher\" content=\"https:\/\/www.facebook.com\/gite.des.histoires\/\" \/>\n<meta property=\"article:modified_time\" content=\"2017-06-09T13:31:21+00:00\" \/>\n<meta property=\"og:image\" content=\"https:\/\/gite-des-histoires.fr\/wp-content\/uploads\/2017\/03\/Gite-des-Histoires.jpg\" \/>\n\t<meta property=\"og:image:width\" content=\"1000\" \/>\n\t<meta property=\"og:image:height\" content=\"700\" \/>\n\t<meta property=\"og:image:type\" content=\"image\/jpeg\" \/>\n<meta name=\"twitter:card\" content=\"summary_large_image\" \/>\n<script type=\"application\/ld+json\" class=\"yoast-schema-graph\">{\"@context\":\"https:\\\/\\\/schema.org\",\"@graph\":[{\"@type\":\"WebPage\",\"@id\":\"https:\\\/\\\/gite-des-histoires.fr\\\/de\\\/\",\"url\":\"https:\\\/\\\/gite-des-histoires.fr\\\/de\\\/\",\"name\":\"Le G\u00eete des Histoires, in der Mitte des Kientzheim typischen Dorf im Elsass\",\"isPartOf\":{\"@id\":\"https:\\\/\\\/gite-des-histoires.fr\\\/de\\\/#website\"},\"primaryImageOfPage\":{\"@id\":\"https:\\\/\\\/gite-des-histoires.fr\\\/de\\\/#primaryimage\"},\"image\":{\"@id\":\"https:\\\/\\\/gite-des-histoires.fr\\\/de\\\/#primaryimage\"},\"thumbnailUrl\":\"https:\\\/\\\/gite-des-histoires.fr\\\/wp-content\\\/uploads\\\/2017\\\/03\\\/Gite-des-Histoires.jpg\",\"datePublished\":\"2017-06-02T16:40:27+00:00\",\"dateModified\":\"2017-06-09T13:31:21+00:00\",\"description\":\"Le G\u00eete des Histoires ist im Herzen des Dorfes von Kientzheim. Die els\u00e4ssische Haus entlang eines Baches und bietet einen Blick auf den Weinberg .\",\"breadcrumb\":{\"@id\":\"https:\\\/\\\/gite-des-histoires.fr\\\/de\\\/#breadcrumb\"},\"inLanguage\":\"de\",\"potentialAction\":[{\"@type\":\"ReadAction\",\"target\":[\"https:\\\/\\\/gite-des-histoires.fr\\\/de\\\/\"]}]},{\"@type\":\"ImageObject\",\"inLanguage\":\"de\",\"@id\":\"https:\\\/\\\/gite-des-histoires.fr\\\/de\\\/#primaryimage\",\"url\":\"https:\\\/\\\/gite-des-histoires.fr\\\/wp-content\\\/uploads\\\/2017\\\/03\\\/Gite-des-Histoires.jpg\",\"contentUrl\":\"https:\\\/\\\/gite-des-histoires.fr\\\/wp-content\\\/uploads\\\/2017\\\/03\\\/Gite-des-Histoires.jpg\",\"width\":1000,\"height\":700,\"caption\":\"G\u00eete des Histoires en Alsace\"},{\"@type\":\"BreadcrumbList\",\"@id\":\"https:\\\/\\\/gite-des-histoires.fr\\\/de\\\/#breadcrumb\",\"itemListElement\":[{\"@type\":\"ListItem\",\"position\":1,\"name\":\"Accueil\",\"item\":\"https:\\\/\\\/gite-des-histoires.fr\\\/de\\\/\"},{\"@type\":\"ListItem\",\"position\":2,\"name\":\"Willkommen\"}]},{\"@type\":\"WebSite\",\"@id\":\"https:\\\/\\\/gite-des-histoires.fr\\\/de\\\/#website\",\"url\":\"https:\\\/\\\/gite-des-histoires.fr\\\/de\\\/\",\"name\":\"Le G\u00eete des Histoires \u00e0 Kientzheim\",\"description\":\"\",\"potentialAction\":[{\"@type\":\"SearchAction\",\"target\":{\"@type\":\"EntryPoint\",\"urlTemplate\":\"https:\\\/\\\/gite-des-histoires.fr\\\/de\\\/?s={search_term_string}\"},\"query-input\":{\"@type\":\"PropertyValueSpecification\",\"valueRequired\":true,\"valueName\":\"search_term_string\"}}],\"inLanguage\":\"de\"}]}<\/script>\n<!-- \/ Yoast SEO plugin. -->","yoast_head_json":{"title":"Le G\u00eete des Histoires, in der Mitte des Kientzheim typischen Dorf im Elsass","description":"Le G\u00eete des Histoires ist im Herzen des Dorfes von Kientzheim. Die els\u00e4ssische Haus entlang eines Baches und bietet einen Blick auf den Weinberg .","robots":{"index":"index","follow":"follow","max-snippet":"max-snippet:-1","max-image-preview":"max-image-preview:large","max-video-preview":"max-video-preview:-1"},"canonical":"https:\/\/gite-des-histoires.fr\/de\/","og_locale":"de_DE","og_type":"article","og_title":"Le G\u00eete des Histoires, in der Mitte des Kientzheim typischen Dorf im Elsass","og_description":"Le G\u00eete des Histoires ist im Herzen des Dorfes von Kientzheim. Die els\u00e4ssische Haus entlang eines Baches und bietet einen Blick auf den Weinberg .","og_url":"https:\/\/gite-des-histoires.fr\/de\/","og_site_name":"Le G\u00eete des Histoires \u00e0 Kientzheim","article_publisher":"https:\/\/www.facebook.com\/gite.des.histoires\/","article_modified_time":"2017-06-09T13:31:21+00:00","og_image":[{"width":1000,"height":700,"url":"https:\/\/gite-des-histoires.fr\/wp-content\/uploads\/2017\/03\/Gite-des-Histoires.jpg","type":"image\/jpeg"}],"twitter_card":"summary_large_image","schema":{"@context":"https:\/\/schema.org","@graph":[{"@type":"WebPage","@id":"https:\/\/gite-des-histoires.fr\/de\/","url":"https:\/\/gite-des-histoires.fr\/de\/","name":"Le G\u00eete des Histoires, in der Mitte des Kientzheim typischen Dorf im Elsass","isPartOf":{"@id":"https:\/\/gite-des-histoires.fr\/de\/#website"},"primaryImageOfPage":{"@id":"https:\/\/gite-des-histoires.fr\/de\/#primaryimage"},"image":{"@id":"https:\/\/gite-des-histoires.fr\/de\/#primaryimage"},"thumbnailUrl":"https:\/\/gite-des-histoires.fr\/wp-content\/uploads\/2017\/03\/Gite-des-Histoires.jpg","datePublished":"2017-06-02T16:40:27+00:00","dateModified":"2017-06-09T13:31:21+00:00","description":"Le G\u00eete des Histoires ist im Herzen des Dorfes von Kientzheim. Die els\u00e4ssische Haus entlang eines Baches und bietet einen Blick auf den Weinberg .","breadcrumb":{"@id":"https:\/\/gite-des-histoires.fr\/de\/#breadcrumb"},"inLanguage":"de","potentialAction":[{"@type":"ReadAction","target":["https:\/\/gite-des-histoires.fr\/de\/"]}]},{"@type":"ImageObject","inLanguage":"de","@id":"https:\/\/gite-des-histoires.fr\/de\/#primaryimage","url":"https:\/\/gite-des-histoires.fr\/wp-content\/uploads\/2017\/03\/Gite-des-Histoires.jpg","contentUrl":"https:\/\/gite-des-histoires.fr\/wp-content\/uploads\/2017\/03\/Gite-des-Histoires.jpg","width":1000,"height":700,"caption":"G\u00eete des Histoires en Alsace"},{"@type":"BreadcrumbList","@id":"https:\/\/gite-des-histoires.fr\/de\/#breadcrumb","itemListElement":[{"@type":"ListItem","position":1,"name":"Accueil","item":"https:\/\/gite-des-histoires.fr\/de\/"},{"@type":"ListItem","position":2,"name":"Willkommen"}]},{"@type":"WebSite","@id":"https:\/\/gite-des-histoires.fr\/de\/#website","url":"https:\/\/gite-des-histoires.fr\/de\/","name":"Le G\u00eete des Histoires \u00e0 Kientzheim","description":"","potentialAction":[{"@type":"SearchAction","target":{"@type":"EntryPoint","urlTemplate":"https:\/\/gite-des-histoires.fr\/de\/?s={search_term_string}"},"query-input":{"@type":"PropertyValueSpecification","valueRequired":true,"valueName":"search_term_string"}}],"inLanguage":"de"}]}},"_links":{"self":[{"href":"https:\/\/gite-des-histoires.fr\/de\/wp-json\/wp\/v2\/pages\/254","targetHints":{"allow":["GET"]}}],"collection":[{"href":"https:\/\/gite-des-histoires.fr\/de\/wp-json\/wp\/v2\/pages"}],"about":[{"href":"https:\/\/gite-des-histoires.fr\/de\/wp-json\/wp\/v2\/types\/page"}],"author":[{"embeddable":true,"href":"https:\/\/gite-des-histoires.fr\/de\/wp-json\/wp\/v2\/users\/1"}],"replies":[{"embeddable":true,"href":"https:\/\/gite-des-histoires.fr\/de\/wp-json\/wp\/v2\/comments?post=254"}],"version-history":[{"count":1,"href":"https:\/\/gite-des-histoires.fr\/de\/wp-json\/wp\/v2\/pages\/254\/revisions"}],"predecessor-version":[{"id":277,"href":"https:\/\/gite-des-histoires.fr\/de\/wp-json\/wp\/v2\/pages\/254\/revisions\/277"}],"wp:featuredmedia":[{"embeddable":true,"href":"https:\/\/gite-des-histoires.fr\/de\/wp-json\/wp\/v2\/media\/232"}],"wp:attachment":[{"href":"https:\/\/gite-des-histoires.fr\/de\/wp-json\/wp\/v2\/media?parent=254"}],"curies":[{"name":"wp","href":"https:\/\/api.w.org\/{rel}","templated":true}]}}