{"id":259,"date":"2017-06-05T15:55:24","date_gmt":"2017-06-05T13:55:24","guid":{"rendered":"https:\/\/gite-des-histoires.fr\/impressum\/"},"modified":"2024-05-19T11:11:29","modified_gmt":"2024-05-19T09:11:29","slug":"impressum","status":"publish","type":"page","link":"https:\/\/gite-des-histoires.fr\/de\/impressum\/","title":{"rendered":"Impressum"},"content":{"rendered":"<h2>CONDITIONS G\u00c9N\u00c9RALES D&#8217;UTILISATION DU SITE<\/h2>\n<h3>gite-des-histoires.fr<\/h3>\n<hr \/>\n<h3>ARTICLE 1. INFORMATIONS L\u00c9GALES<\/h3>\n<p>En vertu de l&#8217;article 6 de la Loi n\u00b0 2004-575 du 21 juin 2004 pour la confiance dans l&#8217;\u00e9conomie num\u00e9rique, il est pr\u00e9cis\u00e9 dans cet article l&#8217;identit\u00e9 des diff\u00e9rents intervenants dans le cadre de sa r\u00e9alisation et de son suivi.<\/p>\n<p>Le site gite-des-histoires.fr est \u00e9dit\u00e9 par :<strong><br \/>\n<\/strong>Kevin Hohler, dont le si\u00e8ge si\u00e8ge social est situ\u00e9 \u00e0 l&#8217;adresse suivante : 7 rue de l&#8217;oberhardt, 68600 Algolsheim.<br \/>\nSIRET : 52491176500021<br \/>\nAPE : 7410Z<\/p>\n<p>Adresse e-mail : <a href=\"mailto:kevin@creation-visite-virtuelle.fr\">kevin@creation-visite-virtuelle.fr<\/a><\/p>\n<p>La directrice de publication du site est :<br \/>\nMadame Camille Schwander<br \/>\n<span id=\"cch_fa523fd1143fd2\">SIRET : 82147159600014<\/span><\/p>\n<p>Le site gite-des-histoires.fr est h\u00e9berg\u00e9 par :<strong><br \/>\n<\/strong>OVH.com, dont le si\u00e8ge est situ\u00e9 2 rue Kellermann &#8211; 59100 Roubaix &#8211; France<\/p>\n<hr \/>\n<h4>ARTICLE 2. PR\u00c9SENTATION DU SITE<\/h4>\n<p>Le site gite-des-histoires.fr a pour objet :<\/p>\n<p>Locations d&#8217;h\u00e9bergements pour vos vacances et s\u00e9jours professionnels en Alsace.<\/p>\n<hr \/>\n<h4>ARTICLE 3. CONTACT<\/h4>\n<p>Pour toute question ou demande d&#8217;information concernant le site, ou tout signalement de contenu ou d&#8217;activit\u00e9s illicites, l&#8217;utilisateur peut contacter l&#8217;\u00e9diteur \u00e0 l&#8217;adresse e-mail suivante : kevin@creation-visite-virtuelle.fr ou adresser un courrier recommand\u00e9 avec accus\u00e9 de r\u00e9ception \u00e0 : Kevin Hohler &#8211; 7 rue de l&#8217;oberhardt, 68600 Algolsheim<\/p>\n<hr \/>\n<h4>ARTICLE 4. ACCEPTATION DES CONDITIONS D&#8217;UTILISATION<\/h4>\n<p>L&#8217;acc\u00e8s et l&#8217;utilisation du site sont soumis \u00e0 l&#8217;acceptation et au respect des pr\u00e9sentes Conditions G\u00e9n\u00e9rales d&#8217;Utilisation.<\/p>\n<p>L&#8217;\u00e9diteur se r\u00e9serve le droit de modifier, \u00e0 tout moment et sans pr\u00e9avis, le site et des services ainsi que les pr\u00e9sentes CGU, notamment pour s&#8217;adapter aux \u00e9volutions du site par la mise \u00e0 disposition de nouvelles fonctionnalit\u00e9s ou la suppression ou la modification de fonctionnalit\u00e9s existantes.<\/p>\n<p>Il est donc conseill\u00e9 \u00e0 l&#8217;utilisateur de se r\u00e9f\u00e9rer avant toute navigation \u00e0 la derni\u00e8re version des CGU, accessible \u00e0 tout moment sur le site. En cas de d\u00e9saccord avec les CGU, aucun usage du site ne saurait \u00eatre effectu\u00e9 par l&#8217;utilisateur.<\/p>\n<hr \/>\n<h4>ARTICLE 5. ACC\u00c8S ET NAVIGATION<\/h4>\n<p>L&#8217;\u00e9diteur met en \u0153uvre les solutions techniques \u00e0 sa disposition pour permettre l&#8217;acc\u00e8s au site 24 heures sur 24, 7 jours sur 7. Il pourra n\u00e9anmoins \u00e0 tout moment suspendre, limiter ou interrompre l&#8217;acc\u00e8s au site ou \u00e0 certaines pages de celui-ci afin de proc\u00e9der \u00e0 des mises \u00e0 jours, des modifications de son contenu ou tout autre action jug\u00e9e n\u00e9cessaire au bon fonctionnement du site.<\/p>\n<p>La connexion et la navigation sur le site gite-des-histoires.fr valent acceptation sans r\u00e9serve des pr\u00e9sentes Conditions G\u00e9n\u00e9rales d&#8217;Utilisation, quelques soient les moyens techniques d&#8217;acc\u00e8s et les terminaux utilis\u00e9s.<\/p>\n<p>Les pr\u00e9sentes CGU s&#8217;appliquent, en tant que de besoin, \u00e0 toute d\u00e9clinaison ou extension du site sur les r\u00e9seaux sociaux et\/ou communautaires existants ou \u00e0 venir.<\/p>\n<hr \/>\n<h4>ARTICLE 6. GESTION DU SITE<\/h4>\n<p>Pour la bonne gestion du site, l&#8217;\u00e9diteur pourra \u00e0 tout moment :<\/p>\n<ul>\n<li>suspendre, interrompre ou limiter l&#8217;acc\u00e8s \u00e0 tout ou partie du site, r\u00e9server l&#8217;acc\u00e8s au site, ou \u00e0 certaines parties du site, \u00e0 une cat\u00e9gorie d\u00e9termin\u00e9e d&#8217;internaute ;<\/li>\n<li>supprimer toute information pouvant en perturber le fonctionnement ou entrant en contravention avec les lois nationales ou internationales, ou avec les r\u00e8gles de la N\u00e9tiquette ;<\/li>\n<li>suspendre le site afin de proc\u00e9der \u00e0 des mises \u00e0 jour.<\/li>\n<\/ul>\n<hr \/>\n<h4>ARTICLE 7. RESPONSABILIT\u00c9S<\/h4>\n<p>L&#8217;\u00e9diteur n&#8217;est responsable que du contenu qu&#8217;il a lui-m\u00eame \u00e9dit\u00e9.<\/p>\n<p>L&#8217;\u00e9diteur n&#8217;est pas responsable :<\/p>\n<ul>\n<li>en cas de probl\u00e9matiques ou d\u00e9faillances techniques, informatiques ou de compatibilit\u00e9 du site avec un mat\u00e9riel ou logiciel quel qu&#8217;il soit ;<\/li>\n<li>des dommages directs ou indirects, mat\u00e9riels ou immat\u00e9riels, pr\u00e9visibles ou impr\u00e9visibles r\u00e9sultant de l&#8217;utilisation ou des difficult\u00e9s d&#8217;utilisation du site ou de ses services ;<\/li>\n<li>des caract\u00e9ristiques intrins\u00e8ques de l&#8217;Internet, notamment celles relatives au manque de fiabilit\u00e9 et au d\u00e9faut de s\u00e9curisation des informations y circulant ;<\/li>\n<li>des contenus ou activit\u00e9s illicites utilisant son site et ce, sans qu&#8217;il en ait pris d\u00fbment connaissance au sens de la Loi n\u00b0 2004-575 du 21 juin 2004 pour la confiance dans l&#8217;\u00e9conomie num\u00e9rique et la Loi n\u00b02004-801 du 6 ao\u00fbt 2004 relative \u00e0 la protection des personnes physiques \u00e0 l&#8217;\u00e9gard de traitement de donn\u00e9es \u00e0 caract\u00e8re personnel.<\/li>\n<\/ul>\n<p>Par ailleurs, le site ne saurait garantir l&#8217;exactitude, la compl\u00e9tude, et l&#8217;actualit\u00e9 des informations qui y sont diffus\u00e9es.<\/p>\n<p>L&#8217;utilisateur est responsable :<\/p>\n<ul>\n<li>de la protection de son mat\u00e9riel et de ses donn\u00e9es ;<\/li>\n<li>de l&#8217;utilisation qu&#8217;il fait du site ou de ses services ;<\/li>\n<li>s&#8217;il ne respecte ni la lettre, ni l&#8217;esprit des pr\u00e9sentes CGU.<\/li>\n<\/ul>\n<hr \/>\n<h4>ARTICLE 8. LIENS HYPERTEXTES<\/h4>\n<p>Le site peut contenir des liens hypertextes pointant vers d&#8217;autres sites internet sur lesquels gite-des-histoires.fr n&#8217;exerce pas de contr\u00f4le. Malgr\u00e9 les v\u00e9rifications pr\u00e9alables et r\u00e9guli\u00e8res r\u00e9alis\u00e9s par l&#8217;\u00e9diteur, celui-ci d\u00e9cline tout responsabilit\u00e9 quant aux contenus qu&#8217;il est possible de trouver sur ces sites.<\/p>\n<p>L&#8217;\u00e9diteur autorise la mise en place de liens hypertextes vers toute page ou document de son site sous r\u00e9serve que la mise en place de ces liens ne soit pas r\u00e9alis\u00e9e \u00e0 des fins commerciales ou publicitaires.<\/p>\n<p>En outre, l&#8217;information pr\u00e9alable de l&#8217;\u00e9diteur du site est n\u00e9cessaire avant toute mise en place de lien hypertexte.<\/p>\n<p>Sont exclus de cette autorisation les sites diffusant des informations \u00e0 caract\u00e8re illicite, violent, pol\u00e9mique, pornographique, x\u00e9nophobe ou pouvant porter atteinte \u00e0 la sensibilit\u00e9 du plus grand nombre.<\/p>\n<p>Enfin, gite-des-histoires.fr se r\u00e9serve le droit de faire supprimer \u00e0 tout moment un lien hypertexte pointant vers son site, si le site l&#8217;estime non conforme \u00e0 sa politique \u00e9ditoriale.<\/p>\n<hr \/>\n<h4>ARTICLE 9. COLLECTE DE DONN\u00c9ES<\/h4>\n<p>Ce site est en cours de d\u00e9claration \u00e0 la Commission Nationale Informatique et Libert\u00e9s (CNIL).<\/p>\n<p>En outre, le site est conforme aux dispositions de la Loi n\u00b0 78-17 du 6 janvier 1978 relative \u00e0 l&#8217;informatique, aux fichiers et aux libert\u00e9s. En vertu des dispositions de la loi pr\u00e9cit\u00e9e, l&#8217;utilisateur b\u00e9n\u00e9ficie, notamment, d&#8217;un droit d&#8217;opposition (articles 32 et 38), d&#8217;acc\u00e8s (articles 38 et 39) et de rectification (article 40) des donn\u00e9es le concernant.<\/p>\n<p>Pour faire usage de l&#8217;un des droits pr\u00e9cit\u00e9s, l&#8217;utilisateur doit s&#8217;adresser \u00e0 l&#8217;\u00e9diteur en le contactant par e-mail \u00e0 l&#8217;adresse suivante : kevin@creation-visite-virtuelle.fr, ou par courrier recommand\u00e9 adress\u00e9 au si\u00e8ge social de l&#8217;\u00e9diteur en pr\u00e9cisant ses nom, pr\u00e9nom(s), adresse et adresse(s) e-mail.<\/p>\n<hr \/>\n<h4>ARTICLE 10. COOKIES<\/h4>\n<p>Le site a \u00e9ventuellement recours aux techniques de &#8222;cookies&#8220; lui permettant de traiter des statistiques et des informations sur le trafic, de faciliter la navigation et d&#8217;am\u00e9liorer le service pour le confort de l&#8217;utilisateur, lequel peut s&#8217;opposer \u00e0 l&#8217;enregistrement de ces &#8222;cookies&#8220; en configurant son logiciel de navigation.<\/p>\n<hr \/>\n<h4>ARTICLE 11. PROPRI\u00c9T\u00c9 INTELLECTUELLE<\/h4>\n<p>La structuration du site mais aussi les textes, graphiques, images, photographies, sons, vid\u00e9os et applications informatiques qui le composent sont la propri\u00e9t\u00e9 de l&#8217;\u00e9diteur et sont prot\u00e9g\u00e9s comme tels par les lois en vigueur au titre de la propri\u00e9t\u00e9 intellectuelle.<\/p>\n<p>Toute repr\u00e9sentation, reproduction, adaptation ou exploitation partielle ou totale des contenus, marques d\u00e9pos\u00e9es et services propos\u00e9s par le site, par quelque proc\u00e9d\u00e9 que ce soit, sans l&#8217;autorisation pr\u00e9alable, expresse et \u00e9crite de l&#8217;\u00e9diteur, est strictement interdite et serait susceptible de constituer une contrefa\u00e7on au sens des articles L. 335-2 et suivants du Code de la propri\u00e9t\u00e9 intellectuelle. Et ce, \u00e0 l&#8217;exception des \u00e9l\u00e9ments express\u00e9ment d\u00e9sign\u00e9s comme libres de droits sur le site.<\/p>\n<p>L&#8217;acc\u00e8s au site ne vaut pas reconnaissance d&#8217;un droit et, de mani\u00e8re g\u00e9n\u00e9rale, ne conf\u00e8re aucun droit de propri\u00e9t\u00e9 intellectuelle relatif \u00e0 un \u00e9l\u00e9ment du site, lesquels restent la propri\u00e9t\u00e9 exclusive de l&#8217;\u00e9diteur.<\/p>\n<p>Il est interdit \u00e0 l&#8217;utilisateur d&#8217;introduire des donn\u00e9es sur le site qui modifieraient ou qui seraient susceptibles d&#8217;en modifier le contenu ou l&#8217;apparence.<\/p>\n<hr \/>\n<h4>ARTICLE 12. LOI APPLICABLE ET JURIDICTION COMP\u00c9TENTE<\/h4>\n<p>Les pr\u00e9sentes Conditions G\u00e9n\u00e9rales d&#8217;Utilisation sont r\u00e9gies par la loi fran\u00e7aise. En cas de diff\u00e9rend et \u00e0 d\u00e9faut d&#8217;accord amiable, le litige sera port\u00e9 devant les tribunaux fran\u00e7ais conform\u00e9ment aux r\u00e8gles de comp\u00e9tence en vigueur.<\/p>\n","protected":false},"excerpt":{"rendered":"<p>CONDITIONS G\u00c9N\u00c9RALES D&#8217;UTILISATION DU SITE gite-des-histoires.fr ARTICLE 1. INFORMATIONS L\u00c9GALES En vertu de l&#8217;article 6 de la Loi n\u00b0 2004-575 du 21 juin 2004 pour la confiance dans l&#8217;\u00e9conomie num\u00e9rique, il est pr\u00e9cis\u00e9 dans cet article l&#8217;identit\u00e9 des diff\u00e9rents intervenants dans le cadre de sa r\u00e9alisation et de son suivi. Le site gite-des-histoires.fr est \u00e9dit\u00e9 [&hellip;]<\/p>\n","protected":false},"author":2,"featured_media":0,"parent":0,"menu_order":0,"comment_status":"closed","ping_status":"closed","template":"","meta":{"_monsterinsights_skip_tracking":false,"_monsterinsights_sitenote_active":false,"_monsterinsights_sitenote_note":"","_monsterinsights_sitenote_category":0,"footnotes":""},"class_list":["post-259","page","type-page","status-publish","hentry"],"yoast_head":"<!-- This site is optimized with the Yoast SEO plugin v27.3 - https:\/\/yoast.com\/product\/yoast-seo-wordpress\/ -->\n<title>Impressum - Le G\u00eete des Histoires \u00e0 Kientzheim<\/title>\n<meta name=\"robots\" content=\"index, follow, max-snippet:-1, max-image-preview:large, max-video-preview:-1\" \/>\n<link rel=\"canonical\" href=\"https:\/\/gite-des-histoires.fr\/de\/impressum\/\" \/>\n<meta property=\"og:locale\" content=\"de_DE\" \/>\n<meta property=\"og:type\" content=\"article\" \/>\n<meta property=\"og:title\" content=\"Impressum - Le G\u00eete des Histoires \u00e0 Kientzheim\" \/>\n<meta property=\"og:description\" content=\"CONDITIONS G\u00c9N\u00c9RALES D&#8217;UTILISATION DU SITE gite-des-histoires.fr ARTICLE 1. INFORMATIONS L\u00c9GALES En vertu de l&#8217;article 6 de la Loi n\u00b0 2004-575 du 21 juin 2004 pour la confiance dans l&#8217;\u00e9conomie num\u00e9rique, il est pr\u00e9cis\u00e9 dans cet article l&#8217;identit\u00e9 des diff\u00e9rents intervenants dans le cadre de sa r\u00e9alisation et de son suivi. Le site gite-des-histoires.fr est \u00e9dit\u00e9 [&hellip;]\" \/>\n<meta property=\"og:url\" content=\"https:\/\/gite-des-histoires.fr\/de\/impressum\/\" \/>\n<meta property=\"og:site_name\" content=\"Le G\u00eete des Histoires \u00e0 Kientzheim\" \/>\n<meta property=\"article:publisher\" content=\"https:\/\/www.facebook.com\/gite.des.histoires\/\" \/>\n<meta property=\"article:modified_time\" content=\"2024-05-19T09:11:29+00:00\" \/>\n<meta name=\"twitter:card\" content=\"summary_large_image\" \/>\n<meta name=\"twitter:label1\" content=\"Gesch\u00e4tzte Lesezeit\" \/>\n\t<meta name=\"twitter:data1\" content=\"7\u00a0Minuten\" \/>\n<script type=\"application\/ld+json\" class=\"yoast-schema-graph\">{\"@context\":\"https:\\\/\\\/schema.org\",\"@graph\":[{\"@type\":\"WebPage\",\"@id\":\"https:\\\/\\\/gite-des-histoires.fr\\\/de\\\/impressum\\\/\",\"url\":\"https:\\\/\\\/gite-des-histoires.fr\\\/de\\\/impressum\\\/\",\"name\":\"Impressum - Le G\u00eete des Histoires \u00e0 Kientzheim\",\"isPartOf\":{\"@id\":\"https:\\\/\\\/gite-des-histoires.fr\\\/de\\\/#website\"},\"datePublished\":\"2017-06-05T13:55:24+00:00\",\"dateModified\":\"2024-05-19T09:11:29+00:00\",\"breadcrumb\":{\"@id\":\"https:\\\/\\\/gite-des-histoires.fr\\\/de\\\/impressum\\\/#breadcrumb\"},\"inLanguage\":\"de\",\"potentialAction\":[{\"@type\":\"ReadAction\",\"target\":[\"https:\\\/\\\/gite-des-histoires.fr\\\/de\\\/impressum\\\/\"]}]},{\"@type\":\"BreadcrumbList\",\"@id\":\"https:\\\/\\\/gite-des-histoires.fr\\\/de\\\/impressum\\\/#breadcrumb\",\"itemListElement\":[{\"@type\":\"ListItem\",\"position\":1,\"name\":\"Accueil\",\"item\":\"https:\\\/\\\/gite-des-histoires.fr\\\/de\\\/\"},{\"@type\":\"ListItem\",\"position\":2,\"name\":\"Impressum\"}]},{\"@type\":\"WebSite\",\"@id\":\"https:\\\/\\\/gite-des-histoires.fr\\\/de\\\/#website\",\"url\":\"https:\\\/\\\/gite-des-histoires.fr\\\/de\\\/\",\"name\":\"Le G\u00eete des Histoires \u00e0 Kientzheim\",\"description\":\"\",\"potentialAction\":[{\"@type\":\"SearchAction\",\"target\":{\"@type\":\"EntryPoint\",\"urlTemplate\":\"https:\\\/\\\/gite-des-histoires.fr\\\/de\\\/?s={search_term_string}\"},\"query-input\":{\"@type\":\"PropertyValueSpecification\",\"valueRequired\":true,\"valueName\":\"search_term_string\"}}],\"inLanguage\":\"de\"}]}<\/script>\n<!-- \/ Yoast SEO plugin. -->","yoast_head_json":{"title":"Impressum - Le G\u00eete des Histoires \u00e0 Kientzheim","robots":{"index":"index","follow":"follow","max-snippet":"max-snippet:-1","max-image-preview":"max-image-preview:large","max-video-preview":"max-video-preview:-1"},"canonical":"https:\/\/gite-des-histoires.fr\/de\/impressum\/","og_locale":"de_DE","og_type":"article","og_title":"Impressum - Le G\u00eete des Histoires \u00e0 Kientzheim","og_description":"CONDITIONS G\u00c9N\u00c9RALES D&#8217;UTILISATION DU SITE gite-des-histoires.fr ARTICLE 1. INFORMATIONS L\u00c9GALES En vertu de l&#8217;article 6 de la Loi n\u00b0 2004-575 du 21 juin 2004 pour la confiance dans l&#8217;\u00e9conomie num\u00e9rique, il est pr\u00e9cis\u00e9 dans cet article l&#8217;identit\u00e9 des diff\u00e9rents intervenants dans le cadre de sa r\u00e9alisation et de son suivi. Le site gite-des-histoires.fr est \u00e9dit\u00e9 [&hellip;]","og_url":"https:\/\/gite-des-histoires.fr\/de\/impressum\/","og_site_name":"Le G\u00eete des Histoires \u00e0 Kientzheim","article_publisher":"https:\/\/www.facebook.com\/gite.des.histoires\/","article_modified_time":"2024-05-19T09:11:29+00:00","twitter_card":"summary_large_image","twitter_misc":{"Gesch\u00e4tzte Lesezeit":"7\u00a0Minuten"},"schema":{"@context":"https:\/\/schema.org","@graph":[{"@type":"WebPage","@id":"https:\/\/gite-des-histoires.fr\/de\/impressum\/","url":"https:\/\/gite-des-histoires.fr\/de\/impressum\/","name":"Impressum - Le G\u00eete des Histoires \u00e0 Kientzheim","isPartOf":{"@id":"https:\/\/gite-des-histoires.fr\/de\/#website"},"datePublished":"2017-06-05T13:55:24+00:00","dateModified":"2024-05-19T09:11:29+00:00","breadcrumb":{"@id":"https:\/\/gite-des-histoires.fr\/de\/impressum\/#breadcrumb"},"inLanguage":"de","potentialAction":[{"@type":"ReadAction","target":["https:\/\/gite-des-histoires.fr\/de\/impressum\/"]}]},{"@type":"BreadcrumbList","@id":"https:\/\/gite-des-histoires.fr\/de\/impressum\/#breadcrumb","itemListElement":[{"@type":"ListItem","position":1,"name":"Accueil","item":"https:\/\/gite-des-histoires.fr\/de\/"},{"@type":"ListItem","position":2,"name":"Impressum"}]},{"@type":"WebSite","@id":"https:\/\/gite-des-histoires.fr\/de\/#website","url":"https:\/\/gite-des-histoires.fr\/de\/","name":"Le G\u00eete des Histoires \u00e0 Kientzheim","description":"","potentialAction":[{"@type":"SearchAction","target":{"@type":"EntryPoint","urlTemplate":"https:\/\/gite-des-histoires.fr\/de\/?s={search_term_string}"},"query-input":{"@type":"PropertyValueSpecification","valueRequired":true,"valueName":"search_term_string"}}],"inLanguage":"de"}]}},"_links":{"self":[{"href":"https:\/\/gite-des-histoires.fr\/de\/wp-json\/wp\/v2\/pages\/259","targetHints":{"allow":["GET"]}}],"collection":[{"href":"https:\/\/gite-des-histoires.fr\/de\/wp-json\/wp\/v2\/pages"}],"about":[{"href":"https:\/\/gite-des-histoires.fr\/de\/wp-json\/wp\/v2\/types\/page"}],"author":[{"embeddable":true,"href":"https:\/\/gite-des-histoires.fr\/de\/wp-json\/wp\/v2\/users\/2"}],"replies":[{"embeddable":true,"href":"https:\/\/gite-des-histoires.fr\/de\/wp-json\/wp\/v2\/comments?post=259"}],"version-history":[{"count":2,"href":"https:\/\/gite-des-histoires.fr\/de\/wp-json\/wp\/v2\/pages\/259\/revisions"}],"predecessor-version":[{"id":846,"href":"https:\/\/gite-des-histoires.fr\/de\/wp-json\/wp\/v2\/pages\/259\/revisions\/846"}],"wp:attachment":[{"href":"https:\/\/gite-des-histoires.fr\/de\/wp-json\/wp\/v2\/media?parent=259"}],"curies":[{"name":"wp","href":"https:\/\/api.w.org\/{rel}","templated":true}]}}