{"id":333,"date":"2017-08-08T14:44:38","date_gmt":"2017-08-08T12:44:38","guid":{"rendered":"https:\/\/gite-des-histoires.fr\/allgemeine-vermietungsbedingungen\/"},"modified":"2019-06-10T18:43:53","modified_gmt":"2019-06-10T16:43:53","slug":"allgemeine-vermietungsbedingungen","status":"publish","type":"page","link":"https:\/\/gite-des-histoires.fr\/de\/allgemeine-vermietungsbedingungen\/","title":{"rendered":"Allgemeine Vermietungsbedingungen"},"content":{"rendered":"<h3>1 \u2013 DUR\u00c9E DU S\u00c9JOUR<\/h3>\n<p>Le locataire ne peut en aucune circonstance se pr\u00e9valoir d\u2019un quelconque droit de maintien dans les lieux \u00e0 l\u2019expiration de la p\u00e9riode initialement pr\u00e9vue sur le pr\u00e9sent contrat.<\/p>\n<h3>2 \u2013 CONCLUSION DU CONTRAT<\/h3>\n<p>La r\u00e9servation devient effective d\u00e8s lors que le g\u00eete des Histoires aura per\u00e7u l\u2019acompte. Le solde du prix sera vers\u00e9 au plus tard le jour d\u2019arriv\u00e9e. La pr\u00e9sente location conclue entre les parties ne peut en aucun cas b\u00e9n\u00e9ficier m\u00eame partiellement \u00e0 des tiers sauf accord \u00e9crit du propri\u00e9taire. Toute infraction au contrat serait susceptible d\u2019entra\u00eener la r\u00e9siliation imm\u00e9diate de la location aux torts exclusifs du locataire.<\/p>\n<h3>3 \u2013 PAIEMENT<\/h3>\n<p>La r\u00e9servation devient effective d\u00e8s lors que le locataire aura fait parvenir au propri\u00e9taire un acompte de 50 % du montant total de la location. Le solde de la location est vers\u00e9 le jour de l\u2019arriv\u00e9e, apr\u00e8s l\u2019\u00e9tablissement d\u2019un \u00e9tat des lieux contradictoire.<\/p>\n<h3>4 \u2013 D\u00c9P\u00d4T DE GARANTIE<\/h3>\n<p>A l\u2019arriv\u00e9e du locataire, un d\u00e9p\u00f4t de garantie est demand\u00e9 par le propri\u00e9taire. Apr\u00e8s l\u2019\u00e9tablissement contradictoire de l\u2019\u00e9tat des lieux de sortie, ce d\u00e9p\u00f4t est restitu\u00e9, d\u00e9duction faite du co\u00fbt de remise en \u00e9tat des lieux si des d\u00e9gradations \u00e9taient constat\u00e9es.<\/p>\n<p>Montant du d\u00e9p\u00f4t de garantie\u00a0:<\/p>\n<p>La cigogne\u00a0: 300\u20ac \/ Le vin\u00a0: 500\u20ac \/ Le ch\u00e2teau\u00a0: 700\u20ac<\/p>\n<h3>5 \u2013 UTILISATION DES LIEUX<\/h3>\n<p>Le locataire utilise la location d\u2019une mani\u00e8re paisible et en fait bon usage, conform\u00e9ment \u00e0 la destination des lieux. La location ne peut en aucun cas b\u00e9n\u00e9ficier \u00e0 des tiers.<\/p>\n<h3>6 \u2013 NOMBRE D\u2019OCCUPANTS<\/h3>\n<p>Le nombre de locataires ne peut \u00eatre sup\u00e9rieur \u00e0 la capacit\u00e9 d\u2019accueil indiqu\u00e9e dans l&#8217;\u00e9tat descriptif de la location. Toutefois, un d\u00e9passement peut \u00eatre accord\u00e9 par le propri\u00e9taire.<\/p>\n<h3>7 \u2013 \u00c9TAT DES LIEUX ET INVENTAIRE<\/h3>\n<p>A l\u2019arriv\u00e9e, le propri\u00e9taire fera visiter le meubl\u00e9 et pr\u00e9sentera l\u2019inventaire qui sera v\u00e9rifi\u00e9 par le locataire. Un \u00e9tat des lieux sera dress\u00e9 et cosign\u00e9. Le nettoyage des locaux et mat\u00e9riels pendant la dur\u00e9e du s\u00e9jour est \u00e0 la charge du locataire. Un \u00e9tat des lieux de sortie sera \u00e9tabli et cosign\u00e9. Le propri\u00e9taire pr\u00e9sentera les installations de loisirs, les restrictions d\u2019usage et leur fonctionnement. Le locataire engage aussi sa responsabilit\u00e9 en cas de d\u00e9gradation des mat\u00e9riels collectifs.<\/p>\n<h3>8 \u2013 ANNULATION PAR LE LOCATAIRE<\/h3>\n<p>Toute r\u00e9siliation doit \u00eatre notifi\u00e9e par lettre recommand\u00e9e.<\/p>\n<ul>\n<li>Annulation avant l\u2019arriv\u00e9e sur les lieux\u00a0: l\u2019acompte reste acquis au propri\u00e9taire. Celui-ci pourra demander le solde du montant du s\u00e9jour, si l\u2019annulation intervient moins de 30 jours avant la date pr\u00e9vue d\u2019entr\u00e9e dans les lieux.<\/li>\n<li>Annulation de fait\u00a0: Si le locataire ne se manifeste pas dans les 24 heures qui suivent la date d\u2019arriv\u00e9e indiqu\u00e9e sur le contrat, le pr\u00e9sent contrat devient nul et le propri\u00e9taire peut disposer de son h\u00e9bergement. L\u2019acompte reste \u00e9galement acquis au propri\u00e9taire qui demandera le paiement du solde de la location.<\/li>\n<li>S\u00e9jour \u00e9court\u00e9\u00a0: si le s\u00e9jour est \u00e9court\u00e9, pour quelque motif que ce soit, il ne sera proc\u00e9d\u00e9 \u00e0 aucun remboursement.<\/li>\n<\/ul>\n<h3>8 \u2013 ANNULATION PAR LE PROPRI\u00c9TAIRE<\/h3>\n<p>Le propri\u00e9taire conserve l\u2019enti\u00e8re jouissance et propri\u00e9t\u00e9 du g\u00eete des histoires. A ce titre, si le propri\u00e9taire annule le s\u00e9jour, l\u2019int\u00e9gralit\u00e9 des sommes vers\u00e9es sera rendue au locataire et le propri\u00e9taire mettra tout en \u0153uvre pour faciliter le relogement de ses clients.<\/p>\n<h3>9 \u2013 ARRIV\u00c9E \/ D\u00c9PART<\/h3>\n<p>L\u2019heure d\u2019arriv\u00e9e est fix\u00e9e \u00e0 16h, celle du d\u00e9part \u00e0 10h : Le locataire doit se pr\u00e9senter le jour pr\u00e9cis\u00e9 et l\u2019heure mentionn\u00e9e sur le pr\u00e9sent contrat. En cas d\u2019arriv\u00e9e tardive ou diff\u00e9r\u00e9e, le locataire doit pr\u00e9venir le propri\u00e9taire.<\/p>\n<h3>10 \u2013 ASSURANCES<\/h3>\n<p>Le locataire doit avoir contract\u00e9 une assurance responsabilit\u00e9 civile en vill\u00e9giature. Il est responsable de tous les dommages survenant de son fait. Une attestation sur l\u2019honneur lui sera demand\u00e9e lors de l\u2019\u00e9tablissement de l\u2019\u00e9tat des lieux.<\/p>\n<h3>11 \u2013 ACCUEIL DES ANIMAUX<\/h3>\n<p>Nos amis les animaux ne sont pas accept\u00e9s au g\u00eete des Histoires.<\/p>\n<h3>12 \u2013 CHARGES ET TAXES<\/h3>\n<p>Le meubl\u00e9 est lou\u00e9 toutes charges comprises, TTC. La taxe de s\u00e9jour est \u00e0 r\u00e9gler sur place \u00e0 l\u2019arriv\u00e9e (1\u20ac\/nuit\/adulte).<\/p>\n<h3>13 \u2013 SAVOIR-\u00caTRE, RESPECT DES EQUIPEMENTS ET DE L\u2019ENVIRONNEMENT<\/h3>\n<p>Le locataire doit respecter les autres r\u00e9sidents et le voisinage en adoptant une attitude courtoise et en \u00e9vitant les bruits intempestifs, tardifs ou tr\u00e8s matinaux. Les espaces communs sont \u00e0 la disposition exclusive des r\u00e9sidents. Les visiteurs \u00e9ventuels n\u2019ont pas acc\u00e8s \u00e0 ces espaces sauf autorisation explicite du propri\u00e9taire. Concernant les d\u00e9chets, le tri s\u00e9lectif est mis en place au g\u00eete des histoires, il doit \u00eatre strictement respect\u00e9.<\/p>\n","protected":false},"excerpt":{"rendered":"<p>1 \u2013 DUR\u00c9E DU S\u00c9JOUR Le locataire ne peut en aucune circonstance se pr\u00e9valoir d\u2019un quelconque droit de maintien dans les lieux \u00e0 l\u2019expiration de la p\u00e9riode initialement pr\u00e9vue sur le pr\u00e9sent contrat. 2 \u2013 CONCLUSION DU CONTRAT La r\u00e9servation devient effective d\u00e8s lors que le g\u00eete des Histoires aura per\u00e7u l\u2019acompte. Le solde du [&hellip;]<\/p>\n","protected":false},"author":1,"featured_media":0,"parent":0,"menu_order":0,"comment_status":"closed","ping_status":"closed","template":"","meta":{"_monsterinsights_skip_tracking":false,"_monsterinsights_sitenote_active":false,"_monsterinsights_sitenote_note":"","_monsterinsights_sitenote_category":0,"footnotes":""},"class_list":["post-333","page","type-page","status-publish","hentry"],"yoast_head":"<!-- This site is optimized with the Yoast SEO plugin v27.3 - https:\/\/yoast.com\/product\/yoast-seo-wordpress\/ -->\n<title>Allgemeine Vermietungsbedingungen - Le G\u00eete des Histoires \u00e0 Kientzheim<\/title>\n<meta name=\"robots\" content=\"index, follow, max-snippet:-1, max-image-preview:large, max-video-preview:-1\" \/>\n<link rel=\"canonical\" href=\"https:\/\/gite-des-histoires.fr\/de\/allgemeine-vermietungsbedingungen\/\" \/>\n<meta property=\"og:locale\" content=\"de_DE\" \/>\n<meta property=\"og:type\" content=\"article\" \/>\n<meta property=\"og:title\" content=\"Allgemeine Vermietungsbedingungen - Le G\u00eete des Histoires \u00e0 Kientzheim\" \/>\n<meta property=\"og:description\" content=\"1 \u2013 DUR\u00c9E DU S\u00c9JOUR Le locataire ne peut en aucune circonstance se pr\u00e9valoir d\u2019un quelconque droit de maintien dans les lieux \u00e0 l\u2019expiration de la p\u00e9riode initialement pr\u00e9vue sur le pr\u00e9sent contrat. 2 \u2013 CONCLUSION DU CONTRAT La r\u00e9servation devient effective d\u00e8s lors que le g\u00eete des Histoires aura per\u00e7u l\u2019acompte. Le solde du [&hellip;]\" \/>\n<meta property=\"og:url\" content=\"https:\/\/gite-des-histoires.fr\/de\/allgemeine-vermietungsbedingungen\/\" \/>\n<meta property=\"og:site_name\" content=\"Le G\u00eete des Histoires \u00e0 Kientzheim\" \/>\n<meta property=\"article:publisher\" content=\"https:\/\/www.facebook.com\/gite.des.histoires\/\" \/>\n<meta property=\"article:modified_time\" content=\"2019-06-10T16:43:53+00:00\" \/>\n<meta name=\"twitter:card\" content=\"summary_large_image\" \/>\n<meta name=\"twitter:label1\" content=\"Gesch\u00e4tzte Lesezeit\" \/>\n\t<meta name=\"twitter:data1\" content=\"4\u00a0Minuten\" \/>\n<script type=\"application\/ld+json\" class=\"yoast-schema-graph\">{\"@context\":\"https:\\\/\\\/schema.org\",\"@graph\":[{\"@type\":\"WebPage\",\"@id\":\"https:\\\/\\\/gite-des-histoires.fr\\\/de\\\/allgemeine-vermietungsbedingungen\\\/\",\"url\":\"https:\\\/\\\/gite-des-histoires.fr\\\/de\\\/allgemeine-vermietungsbedingungen\\\/\",\"name\":\"Allgemeine Vermietungsbedingungen - Le G\u00eete des Histoires \u00e0 Kientzheim\",\"isPartOf\":{\"@id\":\"https:\\\/\\\/gite-des-histoires.fr\\\/de\\\/#website\"},\"datePublished\":\"2017-08-08T12:44:38+00:00\",\"dateModified\":\"2019-06-10T16:43:53+00:00\",\"breadcrumb\":{\"@id\":\"https:\\\/\\\/gite-des-histoires.fr\\\/de\\\/allgemeine-vermietungsbedingungen\\\/#breadcrumb\"},\"inLanguage\":\"de\",\"potentialAction\":[{\"@type\":\"ReadAction\",\"target\":[\"https:\\\/\\\/gite-des-histoires.fr\\\/de\\\/allgemeine-vermietungsbedingungen\\\/\"]}]},{\"@type\":\"BreadcrumbList\",\"@id\":\"https:\\\/\\\/gite-des-histoires.fr\\\/de\\\/allgemeine-vermietungsbedingungen\\\/#breadcrumb\",\"itemListElement\":[{\"@type\":\"ListItem\",\"position\":1,\"name\":\"Accueil\",\"item\":\"https:\\\/\\\/gite-des-histoires.fr\\\/de\\\/\"},{\"@type\":\"ListItem\",\"position\":2,\"name\":\"Allgemeine Vermietungsbedingungen\"}]},{\"@type\":\"WebSite\",\"@id\":\"https:\\\/\\\/gite-des-histoires.fr\\\/de\\\/#website\",\"url\":\"https:\\\/\\\/gite-des-histoires.fr\\\/de\\\/\",\"name\":\"Le G\u00eete des Histoires \u00e0 Kientzheim\",\"description\":\"\",\"potentialAction\":[{\"@type\":\"SearchAction\",\"target\":{\"@type\":\"EntryPoint\",\"urlTemplate\":\"https:\\\/\\\/gite-des-histoires.fr\\\/de\\\/?s={search_term_string}\"},\"query-input\":{\"@type\":\"PropertyValueSpecification\",\"valueRequired\":true,\"valueName\":\"search_term_string\"}}],\"inLanguage\":\"de\"}]}<\/script>\n<!-- \/ Yoast SEO plugin. -->","yoast_head_json":{"title":"Allgemeine Vermietungsbedingungen - Le G\u00eete des Histoires \u00e0 Kientzheim","robots":{"index":"index","follow":"follow","max-snippet":"max-snippet:-1","max-image-preview":"max-image-preview:large","max-video-preview":"max-video-preview:-1"},"canonical":"https:\/\/gite-des-histoires.fr\/de\/allgemeine-vermietungsbedingungen\/","og_locale":"de_DE","og_type":"article","og_title":"Allgemeine Vermietungsbedingungen - Le G\u00eete des Histoires \u00e0 Kientzheim","og_description":"1 \u2013 DUR\u00c9E DU S\u00c9JOUR Le locataire ne peut en aucune circonstance se pr\u00e9valoir d\u2019un quelconque droit de maintien dans les lieux \u00e0 l\u2019expiration de la p\u00e9riode initialement pr\u00e9vue sur le pr\u00e9sent contrat. 2 \u2013 CONCLUSION DU CONTRAT La r\u00e9servation devient effective d\u00e8s lors que le g\u00eete des Histoires aura per\u00e7u l\u2019acompte. Le solde du [&hellip;]","og_url":"https:\/\/gite-des-histoires.fr\/de\/allgemeine-vermietungsbedingungen\/","og_site_name":"Le G\u00eete des Histoires \u00e0 Kientzheim","article_publisher":"https:\/\/www.facebook.com\/gite.des.histoires\/","article_modified_time":"2019-06-10T16:43:53+00:00","twitter_card":"summary_large_image","twitter_misc":{"Gesch\u00e4tzte Lesezeit":"4\u00a0Minuten"},"schema":{"@context":"https:\/\/schema.org","@graph":[{"@type":"WebPage","@id":"https:\/\/gite-des-histoires.fr\/de\/allgemeine-vermietungsbedingungen\/","url":"https:\/\/gite-des-histoires.fr\/de\/allgemeine-vermietungsbedingungen\/","name":"Allgemeine Vermietungsbedingungen - Le G\u00eete des Histoires \u00e0 Kientzheim","isPartOf":{"@id":"https:\/\/gite-des-histoires.fr\/de\/#website"},"datePublished":"2017-08-08T12:44:38+00:00","dateModified":"2019-06-10T16:43:53+00:00","breadcrumb":{"@id":"https:\/\/gite-des-histoires.fr\/de\/allgemeine-vermietungsbedingungen\/#breadcrumb"},"inLanguage":"de","potentialAction":[{"@type":"ReadAction","target":["https:\/\/gite-des-histoires.fr\/de\/allgemeine-vermietungsbedingungen\/"]}]},{"@type":"BreadcrumbList","@id":"https:\/\/gite-des-histoires.fr\/de\/allgemeine-vermietungsbedingungen\/#breadcrumb","itemListElement":[{"@type":"ListItem","position":1,"name":"Accueil","item":"https:\/\/gite-des-histoires.fr\/de\/"},{"@type":"ListItem","position":2,"name":"Allgemeine Vermietungsbedingungen"}]},{"@type":"WebSite","@id":"https:\/\/gite-des-histoires.fr\/de\/#website","url":"https:\/\/gite-des-histoires.fr\/de\/","name":"Le G\u00eete des Histoires \u00e0 Kientzheim","description":"","potentialAction":[{"@type":"SearchAction","target":{"@type":"EntryPoint","urlTemplate":"https:\/\/gite-des-histoires.fr\/de\/?s={search_term_string}"},"query-input":{"@type":"PropertyValueSpecification","valueRequired":true,"valueName":"search_term_string"}}],"inLanguage":"de"}]}},"_links":{"self":[{"href":"https:\/\/gite-des-histoires.fr\/de\/wp-json\/wp\/v2\/pages\/333","targetHints":{"allow":["GET"]}}],"collection":[{"href":"https:\/\/gite-des-histoires.fr\/de\/wp-json\/wp\/v2\/pages"}],"about":[{"href":"https:\/\/gite-des-histoires.fr\/de\/wp-json\/wp\/v2\/types\/page"}],"author":[{"embeddable":true,"href":"https:\/\/gite-des-histoires.fr\/de\/wp-json\/wp\/v2\/users\/1"}],"replies":[{"embeddable":true,"href":"https:\/\/gite-des-histoires.fr\/de\/wp-json\/wp\/v2\/comments?post=333"}],"version-history":[{"count":2,"href":"https:\/\/gite-des-histoires.fr\/de\/wp-json\/wp\/v2\/pages\/333\/revisions"}],"predecessor-version":[{"id":572,"href":"https:\/\/gite-des-histoires.fr\/de\/wp-json\/wp\/v2\/pages\/333\/revisions\/572"}],"wp:attachment":[{"href":"https:\/\/gite-des-histoires.fr\/de\/wp-json\/wp\/v2\/media?parent=333"}],"curies":[{"name":"wp","href":"https:\/\/api.w.org\/{rel}","templated":true}]}}