{"id":329,"date":"2017-08-08T14:39:15","date_gmt":"2017-08-08T12:39:15","guid":{"rendered":"https:\/\/gite-des-histoires.fr\/book-the-gite-des-histoires\/"},"modified":"2017-08-08T14:45:13","modified_gmt":"2017-08-08T12:45:13","slug":"book-the-gite-des-histoires","status":"publish","type":"page","link":"https:\/\/gite-des-histoires.fr\/en\/book-the-gite-des-histoires\/","title":{"rendered":"Book the G\u00eete des Histoires"},"content":{"rendered":"\n","protected":false},"excerpt":{"rendered":"","protected":false},"author":1,"featured_media":0,"parent":0,"menu_order":0,"comment_status":"closed","ping_status":"closed","template":"page.php","meta":{"_monsterinsights_skip_tracking":false,"_monsterinsights_sitenote_active":false,"_monsterinsights_sitenote_note":"","_monsterinsights_sitenote_category":0,"footnotes":""},"class_list":["post-329","page","type-page","status-publish","hentry"],"yoast_head":"<!-- This site is optimized with the Yoast SEO plugin v27.3 - https:\/\/yoast.com\/product\/yoast-seo-wordpress\/ -->\n<title>Book the G\u00eete des Histoires - Le G\u00eete des Histoires \u00e0 Kientzheim<\/title>\n<meta name=\"robots\" content=\"index, follow, max-snippet:-1, max-image-preview:large, max-video-preview:-1\" \/>\n<link rel=\"canonical\" href=\"https:\/\/gite-des-histoires.fr\/en\/book-the-gite-des-histoires\/\" \/>\n<meta property=\"og:locale\" content=\"en_US\" \/>\n<meta property=\"og:type\" content=\"article\" \/>\n<meta property=\"og:title\" content=\"Book the G\u00eete des Histoires - Le G\u00eete des Histoires \u00e0 Kientzheim\" \/>\n<meta property=\"og:url\" content=\"https:\/\/gite-des-histoires.fr\/en\/book-the-gite-des-histoires\/\" \/>\n<meta property=\"og:site_name\" content=\"Le G\u00eete des Histoires \u00e0 Kientzheim\" \/>\n<meta property=\"article:publisher\" content=\"https:\/\/www.facebook.com\/gite.des.histoires\/\" \/>\n<meta property=\"article:modified_time\" content=\"2017-08-08T12:45:13+00:00\" \/>\n<meta name=\"twitter:card\" content=\"summary_large_image\" \/>\n<script type=\"application\/ld+json\" class=\"yoast-schema-graph\">{\"@context\":\"https:\\\/\\\/schema.org\",\"@graph\":[{\"@type\":\"WebPage\",\"@id\":\"https:\\\/\\\/gite-des-histoires.fr\\\/en\\\/book-the-gite-des-histoires\\\/\",\"url\":\"https:\\\/\\\/gite-des-histoires.fr\\\/en\\\/book-the-gite-des-histoires\\\/\",\"name\":\"Book the G\u00eete des Histoires - Le G\u00eete des Histoires \u00e0 Kientzheim\",\"isPartOf\":{\"@id\":\"https:\\\/\\\/gite-des-histoires.fr\\\/de\\\/#website\"},\"datePublished\":\"2017-08-08T12:39:15+00:00\",\"dateModified\":\"2017-08-08T12:45:13+00:00\",\"breadcrumb\":{\"@id\":\"https:\\\/\\\/gite-des-histoires.fr\\\/en\\\/book-the-gite-des-histoires\\\/#breadcrumb\"},\"inLanguage\":\"en-US\",\"potentialAction\":[{\"@type\":\"ReadAction\",\"target\":[\"https:\\\/\\\/gite-des-histoires.fr\\\/en\\\/book-the-gite-des-histoires\\\/\"]}]},{\"@type\":\"BreadcrumbList\",\"@id\":\"https:\\\/\\\/gite-des-histoires.fr\\\/en\\\/book-the-gite-des-histoires\\\/#breadcrumb\",\"itemListElement\":[{\"@type\":\"ListItem\",\"position\":1,\"name\":\"Accueil\",\"item\":\"https:\\\/\\\/gite-des-histoires.fr\\\/en\\\/\"},{\"@type\":\"ListItem\",\"position\":2,\"name\":\"Book the G\u00eete des Histoires\"}]},{\"@type\":\"WebSite\",\"@id\":\"https:\\\/\\\/gite-des-histoires.fr\\\/de\\\/#website\",\"url\":\"https:\\\/\\\/gite-des-histoires.fr\\\/de\\\/\",\"name\":\"Le G\u00eete des Histoires \u00e0 Kientzheim\",\"description\":\"\",\"potentialAction\":[{\"@type\":\"SearchAction\",\"target\":{\"@type\":\"EntryPoint\",\"urlTemplate\":\"https:\\\/\\\/gite-des-histoires.fr\\\/de\\\/?s={search_term_string}\"},\"query-input\":{\"@type\":\"PropertyValueSpecification\",\"valueRequired\":true,\"valueName\":\"search_term_string\"}}],\"inLanguage\":\"en-US\"}]}<\/script>\n<!-- \/ Yoast SEO plugin. -->","yoast_head_json":{"title":"Book the G\u00eete des Histoires - Le G\u00eete des Histoires \u00e0 Kientzheim","robots":{"index":"index","follow":"follow","max-snippet":"max-snippet:-1","max-image-preview":"max-image-preview:large","max-video-preview":"max-video-preview:-1"},"canonical":"https:\/\/gite-des-histoires.fr\/en\/book-the-gite-des-histoires\/","og_locale":"en_US","og_type":"article","og_title":"Book the G\u00eete des Histoires - Le G\u00eete des Histoires \u00e0 Kientzheim","og_url":"https:\/\/gite-des-histoires.fr\/en\/book-the-gite-des-histoires\/","og_site_name":"Le G\u00eete des Histoires \u00e0 Kientzheim","article_publisher":"https:\/\/www.facebook.com\/gite.des.histoires\/","article_modified_time":"2017-08-08T12:45:13+00:00","twitter_card":"summary_large_image","schema":{"@context":"https:\/\/schema.org","@graph":[{"@type":"WebPage","@id":"https:\/\/gite-des-histoires.fr\/en\/book-the-gite-des-histoires\/","url":"https:\/\/gite-des-histoires.fr\/en\/book-the-gite-des-histoires\/","name":"Book the G\u00eete des Histoires - Le G\u00eete des Histoires \u00e0 Kientzheim","isPartOf":{"@id":"https:\/\/gite-des-histoires.fr\/de\/#website"},"datePublished":"2017-08-08T12:39:15+00:00","dateModified":"2017-08-08T12:45:13+00:00","breadcrumb":{"@id":"https:\/\/gite-des-histoires.fr\/en\/book-the-gite-des-histoires\/#breadcrumb"},"inLanguage":"en-US","potentialAction":[{"@type":"ReadAction","target":["https:\/\/gite-des-histoires.fr\/en\/book-the-gite-des-histoires\/"]}]},{"@type":"BreadcrumbList","@id":"https:\/\/gite-des-histoires.fr\/en\/book-the-gite-des-histoires\/#breadcrumb","itemListElement":[{"@type":"ListItem","position":1,"name":"Accueil","item":"https:\/\/gite-des-histoires.fr\/en\/"},{"@type":"ListItem","position":2,"name":"Book the G\u00eete des Histoires"}]},{"@type":"WebSite","@id":"https:\/\/gite-des-histoires.fr\/de\/#website","url":"https:\/\/gite-des-histoires.fr\/de\/","name":"Le G\u00eete des Histoires \u00e0 Kientzheim","description":"","potentialAction":[{"@type":"SearchAction","target":{"@type":"EntryPoint","urlTemplate":"https:\/\/gite-des-histoires.fr\/de\/?s={search_term_string}"},"query-input":{"@type":"PropertyValueSpecification","valueRequired":true,"valueName":"search_term_string"}}],"inLanguage":"en-US"}]}},"_links":{"self":[{"href":"https:\/\/gite-des-histoires.fr\/en\/wp-json\/wp\/v2\/pages\/329","targetHints":{"allow":["GET"]}}],"collection":[{"href":"https:\/\/gite-des-histoires.fr\/en\/wp-json\/wp\/v2\/pages"}],"about":[{"href":"https:\/\/gite-des-histoires.fr\/en\/wp-json\/wp\/v2\/types\/page"}],"author":[{"embeddable":true,"href":"https:\/\/gite-des-histoires.fr\/en\/wp-json\/wp\/v2\/users\/1"}],"replies":[{"embeddable":true,"href":"https:\/\/gite-des-histoires.fr\/en\/wp-json\/wp\/v2\/comments?post=329"}],"version-history":[{"count":1,"href":"https:\/\/gite-des-histoires.fr\/en\/wp-json\/wp\/v2\/pages\/329\/revisions"}],"predecessor-version":[{"id":334,"href":"https:\/\/gite-des-histoires.fr\/en\/wp-json\/wp\/v2\/pages\/329\/revisions\/334"}],"wp:attachment":[{"href":"https:\/\/gite-des-histoires.fr\/en\/wp-json\/wp\/v2\/media?parent=329"}],"curies":[{"name":"wp","href":"https:\/\/api.w.org\/{rel}","templated":true}]}}